{"id":1056,"date":"2024-09-09T01:14:48","date_gmt":"2024-09-08T23:14:48","guid":{"rendered":"https:\/\/dgemily.com\/?page_id=1056"},"modified":"2024-10-06T22:05:42","modified_gmt":"2024-10-06T20:05:42","slug":"diy-help-and-instructions","status":"publish","type":"page","link":"https:\/\/dgemily.com\/en\/diy-instructions-et-aides\/","title":{"rendered":"DIY: Help and instructions"},"content":{"rendered":"<p class=\"has-text-align-center has-large-font-size\">DIY: Help and instructions<\/p>\n\n\n\n<p>On this page you will find some instructions and help to print my designs, identify, place and fix all different printed parts on the wall or on a frame. Also discover the originality of using multi-colored filament on this type of polygonal designs. Finally For those wishing to create their own design, a video tutorial explains (in French) the method I use with Fusion 360.<\/p>\n\n\n\n<p class=\"has-text-align-center\" style=\"font-size:18px\">&#8212; <a href=\"#print-part\" data-type=\"internal\" data-id=\"#print-part\"><strong>Print Models<\/strong><\/a> &#8212;<br>&#8212; <a href=\"#Identification-part\"><strong>Identify parts<\/strong><\/a> &#8212;<br>&#8212; <a href=\"#place-part\"><strong>Place parts on wall or frame<\/strong><\/a> &#8212;<br>&#8212; <a href=\"#fix-part\"><strong>Fix parts<\/strong><\/a> &#8212;<br>&#8212; <a href=\"#multicolor-filament\"><strong>Multi-colored filament<\/strong><\/a><strong> &#8212;<\/strong><br>&#8212; <a href=\"#build-design\"><strong>Create your own design<\/strong><\/a><strong> &#8212;<\/strong><\/p>\n\n\n\n<div style=\"height:39px\" aria-hidden=\"true\" class=\"wp-block-spacer\"><\/div>\n\n\n\n<hr class=\"wp-block-separator aligncenter has-alpha-channel-opacity is-style-default\"\/>\n\n\n\n<div style=\"height:33px\" aria-hidden=\"true\" class=\"wp-block-spacer\"><\/div>\n\n\n\n<h2 class=\"wp-block-heading\" id=\"print-part\">Print Models<\/h2>\n\n\n\n<p>Models are made up of several parts, allowing them to be printed with a standard-size printer, to produce large-sized models.<br>Generally, all parts, without any scale changes, can be printed on a printer with a 22x22cm bed. (<em>Check the largest parts with your slicer before you start printing the model<\/em>).<br>Adjust the print scale according to your printer's capabilities and the desired final size of the model.<\/p>\n\n\n\n<p>The files provided are .stl files that you can retrieve from your favorite <a href=\"https:\/\/dgemily.com\/en\/3d-printing-files\/\" data-type=\"page\" data-id=\"888\">3D file sharing platforms<\/a> .<\/p>\n\n\n\n<p>Models can be printed using PLA, PETG, resin etc\u2026 the settings depend mainly on the desired finish quality and your printer. It is generally not necessary to apply a large infill.<\/p>\n\n\n\n<p>Note that the use of <a href=\"#multicolor-filament\" data-type=\"internal\" data-id=\"#multicolor-filament\">bicolor or tricolor filament <\/a>gives a particularly interesting rendering when used on polygons. The use of shiny filament is also a good option which allows to generate a multitude of light reflections on the polygons and thus animates the design.<\/p>\n\n\n\n<h2 class=\"wp-block-heading\" id=\"Identification-part\">Identify parts<\/h2>\n\n\n\n<div class=\"wp-block-media-text has-media-on-the-right is-stacked-on-mobile\"><div class=\"wp-block-media-text__content\">\n<p>The parts are numbered on the back and a pdf plan with the positioning of the parts is provided for each model.<\/p>\n\n\n\n<p><em>If you print the parts at a small scale, the numbers may not be visible\u2026<\/em> <em>in this case, be sure to renumber the parts as soon as they are printed.<\/em><\/p>\n<\/div><figure class=\"wp-block-media-text__media\"><a href=\"https:\/\/dgemily.com\/wp-content\/uploads\/2024\/09\/20240912_230240.jpg\"><img decoding=\"async\" width=\"1000\" height=\"750\" data-src=\"https:\/\/dgemily.com\/wp-content\/uploads\/2024\/09\/20240912_230240.jpg\" alt=\"\" class=\"wp-image-1199 size-full lazyload\" data-srcset=\"https:\/\/dgemily.com\/wp-content\/uploads\/2024\/09\/20240912_230240.jpg 1000w, https:\/\/dgemily.com\/wp-content\/uploads\/2024\/09\/20240912_230240-300x225.jpg 300w, https:\/\/dgemily.com\/wp-content\/uploads\/2024\/09\/20240912_230240-768x576.jpg 768w, https:\/\/dgemily.com\/wp-content\/uploads\/2024\/09\/20240912_230240-16x12.jpg 16w, https:\/\/dgemily.com\/wp-content\/uploads\/2024\/09\/20240912_230240-600x450.jpg 600w\" data-sizes=\"(max-width: 1000px) 100vw, 1000px\" src=\"data:image\/svg+xml;base64,PHN2ZyB3aWR0aD0iMSIgaGVpZ2h0PSIxIiB4bWxucz0iaHR0cDovL3d3dy53My5vcmcvMjAwMC9zdmciPjwvc3ZnPg==\" style=\"--smush-placeholder-width: 1000px; --smush-placeholder-aspect-ratio: 1000\/750;\" \/><\/a><\/figure><\/div>\n\n\n\n<h2 class=\"wp-block-heading\" id=\"place-part\">Place parts on wall or frame<\/h2>\n\n\n\n<p>To position and assemble the pieces, you can use a video projector, a \u201cpaper mask\u201d (printable template) or use your freehand feeling.<\/p>\n\n\n\n<ul class=\"wp-block-list\">\n<li style=\"text-decoration:underline\">Video projector<\/li>\n<\/ul>\n\n\n\n<div class=\"wp-block-media-text has-media-on-the-right is-stacked-on-mobile is-vertically-aligned-top\"><div class=\"wp-block-media-text__content\">\n<p>A \u201cfullsize\u201d pdf is provided, you just need to project it on the wall or frame, adapt the scale to your parts then place parts one by one.<\/p>\n<\/div><figure class=\"wp-block-media-text__media\"><a href=\"https:\/\/dgemily.com\/wp-content\/uploads\/2024\/08\/5d5526da-74e2-47c0-b64a-fe6d664bbc92-scaled.jpg\"><img decoding=\"async\" width=\"1024\" height=\"768\" data-src=\"https:\/\/dgemily.com\/wp-content\/uploads\/2024\/08\/5d5526da-74e2-47c0-b64a-fe6d664bbc92-1024x768.jpg\" alt=\"\" class=\"wp-image-673 size-full lazyload\" data-srcset=\"https:\/\/dgemily.com\/wp-content\/uploads\/2024\/08\/5d5526da-74e2-47c0-b64a-fe6d664bbc92-1024x768.jpg 1024w, https:\/\/dgemily.com\/wp-content\/uploads\/2024\/08\/5d5526da-74e2-47c0-b64a-fe6d664bbc92-300x225.jpg 300w, https:\/\/dgemily.com\/wp-content\/uploads\/2024\/08\/5d5526da-74e2-47c0-b64a-fe6d664bbc92-768x576.jpg 768w, https:\/\/dgemily.com\/wp-content\/uploads\/2024\/08\/5d5526da-74e2-47c0-b64a-fe6d664bbc92-1536x1152.jpg 1536w, https:\/\/dgemily.com\/wp-content\/uploads\/2024\/08\/5d5526da-74e2-47c0-b64a-fe6d664bbc92-2048x1536.jpg 2048w, https:\/\/dgemily.com\/wp-content\/uploads\/2024\/08\/5d5526da-74e2-47c0-b64a-fe6d664bbc92-16x12.jpg 16w, https:\/\/dgemily.com\/wp-content\/uploads\/2024\/08\/5d5526da-74e2-47c0-b64a-fe6d664bbc92-600x450.jpg 600w\" data-sizes=\"(max-width: 1024px) 100vw, 1024px\" src=\"data:image\/svg+xml;base64,PHN2ZyB3aWR0aD0iMSIgaGVpZ2h0PSIxIiB4bWxucz0iaHR0cDovL3d3dy53My5vcmcvMjAwMC9zdmciPjwvc3ZnPg==\" style=\"--smush-placeholder-width: 1024px; --smush-placeholder-aspect-ratio: 1024\/768;\" \/><\/a><\/figure><\/div>\n\n\n\n<div style=\"height:49px\" aria-hidden=\"true\" class=\"wp-block-spacer\"><\/div>\n\n\n\n<ul class=\"wp-block-list\">\n<li style=\"text-decoration:underline\">Jig \u201cpapermask\u201d<\/li>\n<\/ul>\n\n\n\n<p>Templates to print on A4 paper are provided for each model, in original size 100% \"fullsize_multiA4.pdf\" and at 50% scale \"halfsize_multiA4.pdf\". <\/p>\n\n\n\n<p>Print the papermask (be careful not to add any extra margin), make the cuts and assemble the sheets with tape on your wall or frame.<\/p>\n\n\n\n<div class=\"wp-block-group is-content-justification-center is-nowrap is-layout-flex wp-container-core-group-is-layout-1 wp-block-group-is-layout-flex\">\n<figure class=\"wp-block-embed is-type-video is-provider-youtube wp-block-embed-youtube wp-embed-aspect-16-9 wp-has-aspect-ratio\"><div class=\"wp-block-embed__wrapper\">\n<iframe title=\"Lion Head 3D Print\" width=\"640\" height=\"360\" data-src=\"https:\/\/www.youtube.com\/embed\/aHRn4GSHsMo?feature=oembed\" frameborder=\"0\" allow=\"accelerometer; autoplay; clipboard-write; encrypted-media; gyroscope; picture-in-picture; web-share\" referrerpolicy=\"strict-origin-when-cross-origin\" allowfullscreen src=\"data:image\/svg+xml;base64,PHN2ZyB3aWR0aD0iMSIgaGVpZ2h0PSIxIiB4bWxucz0iaHR0cDovL3d3dy53My5vcmcvMjAwMC9zdmciPjwvc3ZnPg==\" class=\"lazyload\" data-load-mode=\"1\"><\/iframe>\n<\/div><\/figure>\n\n\n\n<figure class=\"wp-block-embed is-type-video is-provider-youtube wp-block-embed-youtube wp-embed-aspect-16-9 wp-has-aspect-ratio\"><div class=\"wp-block-embed__wrapper\">\n<iframe title=\"3dmodernfantazy.lt - \u017dirgo Mozaika (dgemily)\" width=\"640\" height=\"360\" data-src=\"https:\/\/www.youtube.com\/embed\/oFHhJeYKxQc?feature=oembed\" frameborder=\"0\" allow=\"accelerometer; autoplay; clipboard-write; encrypted-media; gyroscope; picture-in-picture; web-share\" referrerpolicy=\"strict-origin-when-cross-origin\" allowfullscreen src=\"data:image\/svg+xml;base64,PHN2ZyB3aWR0aD0iMSIgaGVpZ2h0PSIxIiB4bWxucz0iaHR0cDovL3d3dy53My5vcmcvMjAwMC9zdmciPjwvc3ZnPg==\" class=\"lazyload\" data-load-mode=\"1\"><\/iframe>\n<\/div><\/figure>\n<\/div>\n\n\n\n<div style=\"height:49px\" aria-hidden=\"true\" class=\"wp-block-spacer\"><\/div>\n\n\n\n<div class=\"wp-block-media-text has-media-on-the-right is-stacked-on-mobile\"><div class=\"wp-block-media-text__content\">\n<p>If you want to print a papermask at a different scale or use a different paper size, you can use Adobe acrobat software (free version) and the pdf \"fullsize.pdf\" provided with the design. You will then be able to print in poster mode, at the scale of your choice and in the desired paper size<\/p>\n<\/div><figure class=\"wp-block-media-text__media\"><a href=\"https:\/\/dgemily.com\/wp-content\/uploads\/2024\/09\/adobe_acrobat_poster.jpg\"><img decoding=\"async\" width=\"1024\" height=\"590\" data-src=\"https:\/\/dgemily.com\/wp-content\/uploads\/2024\/09\/adobe_acrobat_poster-1024x590.jpg\" alt=\"\" class=\"wp-image-1071 size-full lazyload\" data-srcset=\"https:\/\/dgemily.com\/wp-content\/uploads\/2024\/09\/adobe_acrobat_poster-1024x590.jpg 1024w, https:\/\/dgemily.com\/wp-content\/uploads\/2024\/09\/adobe_acrobat_poster-300x173.jpg 300w, https:\/\/dgemily.com\/wp-content\/uploads\/2024\/09\/adobe_acrobat_poster-768x442.jpg 768w, https:\/\/dgemily.com\/wp-content\/uploads\/2024\/09\/adobe_acrobat_poster-1536x885.jpg 1536w, https:\/\/dgemily.com\/wp-content\/uploads\/2024\/09\/adobe_acrobat_poster-18x10.jpg 18w, https:\/\/dgemily.com\/wp-content\/uploads\/2024\/09\/adobe_acrobat_poster-600x346.jpg 600w, https:\/\/dgemily.com\/wp-content\/uploads\/2024\/09\/adobe_acrobat_poster.jpg 1687w\" data-sizes=\"(max-width: 1024px) 100vw, 1024px\" src=\"data:image\/svg+xml;base64,PHN2ZyB3aWR0aD0iMSIgaGVpZ2h0PSIxIiB4bWxucz0iaHR0cDovL3d3dy53My5vcmcvMjAwMC9zdmciPjwvc3ZnPg==\" style=\"--smush-placeholder-width: 1024px; --smush-placeholder-aspect-ratio: 1024\/590;\" \/><\/a><\/figure><\/div>\n\n\n\n<div style=\"height:49px\" aria-hidden=\"true\" class=\"wp-block-spacer\"><\/div>\n\n\n\n<ul class=\"wp-block-list\">\n<li style=\"text-decoration:underline\">tool.stl<\/li>\n<\/ul>\n\n\n\n<div class=\"wp-block-media-text has-media-on-the-right is-stacked-on-mobile is-vertically-aligned-top is-image-fill\" style=\"grid-template-columns:auto 34%\"><div class=\"wp-block-media-text__content\">\n<p>For designs that have consistent spacing between parts, a printable tool \"tool.stl\" is provided to help you place parts.<br>To be printed in one or two copies.<\/p>\n<\/div><figure class=\"wp-block-media-text__media lazyload\" style=\"background-image:inherit;background-position:50% 50%\" data-bg-image=\"url(https:\/\/dgemily.com\/wp-content\/uploads\/2024\/09\/IMG_0979_comp-768x1024.jpg)\"><a href=\"https:\/\/dgemily.com\/wp-content\/uploads\/2024\/09\/IMG_0979_comp-scaled.jpg\"><img decoding=\"async\" width=\"768\" height=\"1024\" data-src=\"https:\/\/dgemily.com\/wp-content\/uploads\/2024\/09\/IMG_0979_comp-768x1024.jpg\" alt=\"\" class=\"wp-image-1074 size-full lazyload\" data-srcset=\"https:\/\/dgemily.com\/wp-content\/uploads\/2024\/09\/IMG_0979_comp-768x1024.jpg 768w, https:\/\/dgemily.com\/wp-content\/uploads\/2024\/09\/IMG_0979_comp-225x300.jpg 225w, https:\/\/dgemily.com\/wp-content\/uploads\/2024\/09\/IMG_0979_comp-1152x1536.jpg 1152w, https:\/\/dgemily.com\/wp-content\/uploads\/2024\/09\/IMG_0979_comp-1536x2048.jpg 1536w, https:\/\/dgemily.com\/wp-content\/uploads\/2024\/09\/IMG_0979_comp-9x12.jpg 9w, https:\/\/dgemily.com\/wp-content\/uploads\/2024\/09\/IMG_0979_comp-600x800.jpg 600w, https:\/\/dgemily.com\/wp-content\/uploads\/2024\/09\/IMG_0979_comp-scaled.jpg 1920w\" data-sizes=\"(max-width: 768px) 100vw, 768px\" src=\"data:image\/svg+xml;base64,PHN2ZyB3aWR0aD0iMSIgaGVpZ2h0PSIxIiB4bWxucz0iaHR0cDovL3d3dy53My5vcmcvMjAwMC9zdmciPjwvc3ZnPg==\" style=\"--smush-placeholder-width: 768px; --smush-placeholder-aspect-ratio: 768\/1024;\" \/><\/a><\/figure><\/div>\n\n\n\n<div style=\"height:49px\" aria-hidden=\"true\" class=\"wp-block-spacer\"><\/div>\n\n\n\n<ul class=\"wp-block-list\">\n<li style=\"text-decoration:underline\">By feeling<\/li>\n<\/ul>\n\n\n\n<div class=\"wp-block-media-text has-media-on-the-right is-stacked-on-mobile is-vertically-aligned-top\" style=\"grid-template-columns:auto 31%\"><div class=\"wp-block-media-text__content\">\n<p>You can exploit the pdf plan and install by hand without any other assistance, use your feeling\u2026 <br>Just make sure to level the first piece so that the design is correctly oriented. For this you can rely on the orientation of the numbering of the pieces or use a piece of the \"paper mask\"<\/p>\n<\/div><figure class=\"wp-block-media-text__media\"><video controls src=\"https:\/\/dgemily.com\/wp-content\/uploads\/2024\/09\/PROCES1.mp4\"><\/video><\/figure><\/div>\n\n\n\n<div style=\"height:49px\" aria-hidden=\"true\" class=\"wp-block-spacer\"><\/div>\n\n\n\n<h2 class=\"wp-block-heading\" id=\"fix-part\">Fix parts<\/h2>\n\n\n\n<p>The pieces are very light and require very little fixing. You can use any type of wall adhesive, example:<\/p>\n\n\n\n<ul class=\"wp-block-list\">\n<li>Double-sided tape<\/li>\n\n\n\n<li>Velcro tape (allows you to reposition or replace parts and the small pieces of tape are also easier to remove from the wall without damaging the paint)<\/li>\n\n\n\n<li>Hot glue<\/li>\n\n\n\n<li>Patafix \/ blu-tack (you can use a small piece of paper tape between the wall and the paste to avoid leaving marks on the wall.<\/li>\n\n\n\n<li>&#8230;<\/li>\n<\/ul>\n\n\n\n<div style=\"height:49px\" aria-hidden=\"true\" class=\"wp-block-spacer\"><\/div>\n\n\n\n<h2 class=\"wp-block-heading\" id=\"multicolor-filament\">Multi-colored filament<\/h2>\n\n\n\n<div class=\"wp-block-media-text has-media-on-the-right is-stacked-on-mobile is-vertically-aligned-top\"><div class=\"wp-block-media-text__content\">\n<p>The use of bi-color or tri-color filament (<em>extrusion of 2 or 3 colors simultaneously and on the same filament<\/em>) on polygons allows you to obtain faces of different colors depending on their orientation<\/p>\n<\/div><figure class=\"wp-block-media-text__media\"><a href=\"https:\/\/dgemily.com\/wp-content\/uploads\/2024\/09\/tri-color_filament.jpg\"><img decoding=\"async\" width=\"1000\" height=\"723\" data-src=\"https:\/\/dgemily.com\/wp-content\/uploads\/2024\/09\/tri-color_filament.jpg\" alt=\"\" class=\"wp-image-1084 size-full lazyload\" data-srcset=\"https:\/\/dgemily.com\/wp-content\/uploads\/2024\/09\/tri-color_filament.jpg 1000w, https:\/\/dgemily.com\/wp-content\/uploads\/2024\/09\/tri-color_filament-300x217.jpg 300w, https:\/\/dgemily.com\/wp-content\/uploads\/2024\/09\/tri-color_filament-768x555.jpg 768w, https:\/\/dgemily.com\/wp-content\/uploads\/2024\/09\/tri-color_filament-18x12.jpg 18w, https:\/\/dgemily.com\/wp-content\/uploads\/2024\/09\/tri-color_filament-600x434.jpg 600w\" data-sizes=\"(max-width: 1000px) 100vw, 1000px\" src=\"data:image\/svg+xml;base64,PHN2ZyB3aWR0aD0iMSIgaGVpZ2h0PSIxIiB4bWxucz0iaHR0cDovL3d3dy53My5vcmcvMjAwMC9zdmciPjwvc3ZnPg==\" style=\"--smush-placeholder-width: 1000px; --smush-placeholder-aspect-ratio: 1000\/723;\" \/><\/a><\/figure><\/div>\n\n\n\n<figure class=\"wp-block-gallery has-nested-images columns-default is-cropped wp-block-gallery-1 is-layout-flex wp-block-gallery-is-layout-flex\">\n<figure class=\"wp-block-image size-large\"><a href=\"https:\/\/dgemily.com\/wp-content\/uploads\/2024\/08\/img_6283_resultat-rotated.jpg\"><img decoding=\"async\" width=\"1024\" height=\"768\" data-id=\"722\" data-src=\"https:\/\/dgemily.com\/wp-content\/uploads\/2024\/08\/img_6283_resultat-1024x768.jpg\" alt=\"\" class=\"wp-image-722 lazyload\" data-srcset=\"https:\/\/dgemily.com\/wp-content\/uploads\/2024\/08\/img_6283_resultat-1024x768.jpg 1024w, https:\/\/dgemily.com\/wp-content\/uploads\/2024\/08\/img_6283_resultat-300x225.jpg 300w, https:\/\/dgemily.com\/wp-content\/uploads\/2024\/08\/img_6283_resultat-768x576.jpg 768w, https:\/\/dgemily.com\/wp-content\/uploads\/2024\/08\/img_6283_resultat-16x12.jpg 16w, https:\/\/dgemily.com\/wp-content\/uploads\/2024\/08\/img_6283_resultat-600x450.jpg 600w, https:\/\/dgemily.com\/wp-content\/uploads\/2024\/08\/img_6283_resultat-rotated.jpg 1440w\" data-sizes=\"(max-width: 1024px) 100vw, 1024px\" src=\"data:image\/svg+xml;base64,PHN2ZyB3aWR0aD0iMSIgaGVpZ2h0PSIxIiB4bWxucz0iaHR0cDovL3d3dy53My5vcmcvMjAwMC9zdmciPjwvc3ZnPg==\" style=\"--smush-placeholder-width: 1024px; --smush-placeholder-aspect-ratio: 1024\/768;\" \/><\/a><\/figure>\n\n\n\n<figure class=\"wp-block-image size-large\"><a href=\"https:\/\/dgemily.com\/wp-content\/uploads\/2024\/08\/39418110-1fbc-452e-a80e-529f3447f294-2-scaled.jpg\"><img decoding=\"async\" width=\"1024\" height=\"768\" data-id=\"699\" data-src=\"https:\/\/dgemily.com\/wp-content\/uploads\/2024\/08\/39418110-1fbc-452e-a80e-529f3447f294-2-1024x768.jpg\" alt=\"\" class=\"wp-image-699 lazyload\" data-srcset=\"https:\/\/dgemily.com\/wp-content\/uploads\/2024\/08\/39418110-1fbc-452e-a80e-529f3447f294-2-1024x768.jpg 1024w, https:\/\/dgemily.com\/wp-content\/uploads\/2024\/08\/39418110-1fbc-452e-a80e-529f3447f294-2-300x225.jpg 300w, https:\/\/dgemily.com\/wp-content\/uploads\/2024\/08\/39418110-1fbc-452e-a80e-529f3447f294-2-768x576.jpg 768w, https:\/\/dgemily.com\/wp-content\/uploads\/2024\/08\/39418110-1fbc-452e-a80e-529f3447f294-2-1536x1152.jpg 1536w, https:\/\/dgemily.com\/wp-content\/uploads\/2024\/08\/39418110-1fbc-452e-a80e-529f3447f294-2-2048x1536.jpg 2048w, https:\/\/dgemily.com\/wp-content\/uploads\/2024\/08\/39418110-1fbc-452e-a80e-529f3447f294-2-16x12.jpg 16w, https:\/\/dgemily.com\/wp-content\/uploads\/2024\/08\/39418110-1fbc-452e-a80e-529f3447f294-2-600x450.jpg 600w\" data-sizes=\"(max-width: 1024px) 100vw, 1024px\" src=\"data:image\/svg+xml;base64,PHN2ZyB3aWR0aD0iMSIgaGVpZ2h0PSIxIiB4bWxucz0iaHR0cDovL3d3dy53My5vcmcvMjAwMC9zdmciPjwvc3ZnPg==\" style=\"--smush-placeholder-width: 1024px; --smush-placeholder-aspect-ratio: 1024\/768;\" \/><\/a><\/figure>\n\n\n\n<figure class=\"wp-block-image size-large\"><a href=\"https:\/\/dgemily.com\/wp-content\/uploads\/2024\/08\/74c62085-fc95-432f-83ec-7534f4d31227-1-scaled.jpg\"><img decoding=\"async\" width=\"1024\" height=\"768\" data-id=\"649\" data-src=\"https:\/\/dgemily.com\/wp-content\/uploads\/2024\/08\/74c62085-fc95-432f-83ec-7534f4d31227-1-1024x768.jpg\" alt=\"\" class=\"wp-image-649 lazyload\" data-srcset=\"https:\/\/dgemily.com\/wp-content\/uploads\/2024\/08\/74c62085-fc95-432f-83ec-7534f4d31227-1-1024x768.jpg 1024w, https:\/\/dgemily.com\/wp-content\/uploads\/2024\/08\/74c62085-fc95-432f-83ec-7534f4d31227-1-300x225.jpg 300w, https:\/\/dgemily.com\/wp-content\/uploads\/2024\/08\/74c62085-fc95-432f-83ec-7534f4d31227-1-768x576.jpg 768w, https:\/\/dgemily.com\/wp-content\/uploads\/2024\/08\/74c62085-fc95-432f-83ec-7534f4d31227-1-1536x1152.jpg 1536w, https:\/\/dgemily.com\/wp-content\/uploads\/2024\/08\/74c62085-fc95-432f-83ec-7534f4d31227-1-2048x1536.jpg 2048w, https:\/\/dgemily.com\/wp-content\/uploads\/2024\/08\/74c62085-fc95-432f-83ec-7534f4d31227-1-16x12.jpg 16w, https:\/\/dgemily.com\/wp-content\/uploads\/2024\/08\/74c62085-fc95-432f-83ec-7534f4d31227-1-600x450.jpg 600w\" data-sizes=\"(max-width: 1024px) 100vw, 1024px\" src=\"data:image\/svg+xml;base64,PHN2ZyB3aWR0aD0iMSIgaGVpZ2h0PSIxIiB4bWxucz0iaHR0cDovL3d3dy53My5vcmcvMjAwMC9zdmciPjwvc3ZnPg==\" style=\"--smush-placeholder-width: 1024px; --smush-placeholder-aspect-ratio: 1024\/768;\" \/><\/a><\/figure>\n\n\n\n<figure class=\"wp-block-image size-large\"><a href=\"https:\/\/dgemily.com\/wp-content\/uploads\/2024\/08\/368460783_674903191332664_4636592486415392760_n.jpg\"><img decoding=\"async\" width=\"1024\" height=\"1024\" data-id=\"840\" data-src=\"https:\/\/dgemily.com\/wp-content\/uploads\/2024\/08\/368460783_674903191332664_4636592486415392760_n-1024x1024.jpg\" alt=\"\" class=\"wp-image-840 lazyload\" data-srcset=\"https:\/\/dgemily.com\/wp-content\/uploads\/2024\/08\/368460783_674903191332664_4636592486415392760_n-1024x1024.jpg 1024w, https:\/\/dgemily.com\/wp-content\/uploads\/2024\/08\/368460783_674903191332664_4636592486415392760_n-300x300.jpg 300w, https:\/\/dgemily.com\/wp-content\/uploads\/2024\/08\/368460783_674903191332664_4636592486415392760_n-150x150.jpg 150w, https:\/\/dgemily.com\/wp-content\/uploads\/2024\/08\/368460783_674903191332664_4636592486415392760_n-768x768.jpg 768w, https:\/\/dgemily.com\/wp-content\/uploads\/2024\/08\/368460783_674903191332664_4636592486415392760_n-12x12.jpg 12w, https:\/\/dgemily.com\/wp-content\/uploads\/2024\/08\/368460783_674903191332664_4636592486415392760_n-600x600.jpg 600w, https:\/\/dgemily.com\/wp-content\/uploads\/2024\/08\/368460783_674903191332664_4636592486415392760_n.jpg 1080w\" data-sizes=\"(max-width: 1024px) 100vw, 1024px\" src=\"data:image\/svg+xml;base64,PHN2ZyB3aWR0aD0iMSIgaGVpZ2h0PSIxIiB4bWxucz0iaHR0cDovL3d3dy53My5vcmcvMjAwMC9zdmciPjwvc3ZnPg==\" style=\"--smush-placeholder-width: 1024px; --smush-placeholder-aspect-ratio: 1024\/1024;\" \/><\/a><\/figure>\n\n\n\n<figure class=\"wp-block-image size-full\"><a href=\"https:\/\/dgemily.com\/wp-content\/uploads\/2024\/08\/wolf_head.jpg\"><img decoding=\"async\" width=\"600\" height=\"600\" data-id=\"788\" data-src=\"https:\/\/dgemily.com\/wp-content\/uploads\/2024\/08\/wolf_head.jpg\" alt=\"\" class=\"wp-image-788 lazyload\" data-srcset=\"https:\/\/dgemily.com\/wp-content\/uploads\/2024\/08\/wolf_head.jpg 600w, https:\/\/dgemily.com\/wp-content\/uploads\/2024\/08\/wolf_head-300x300.jpg 300w, https:\/\/dgemily.com\/wp-content\/uploads\/2024\/08\/wolf_head-150x150.jpg 150w, https:\/\/dgemily.com\/wp-content\/uploads\/2024\/08\/wolf_head-12x12.jpg 12w\" data-sizes=\"(max-width: 600px) 100vw, 600px\" src=\"data:image\/svg+xml;base64,PHN2ZyB3aWR0aD0iMSIgaGVpZ2h0PSIxIiB4bWxucz0iaHR0cDovL3d3dy53My5vcmcvMjAwMC9zdmciPjwvc3ZnPg==\" style=\"--smush-placeholder-width: 600px; --smush-placeholder-aspect-ratio: 600\/600;\" \/><\/a><\/figure>\n\n\n\n<figure class=\"wp-block-image size-large\"><a href=\"https:\/\/dgemily.com\/wp-content\/uploads\/2024\/08\/redfox_resultat.jpg\"><img decoding=\"async\" width=\"794\" height=\"1024\" data-id=\"785\" data-src=\"https:\/\/dgemily.com\/wp-content\/uploads\/2024\/08\/redfox_resultat-794x1024.jpg\" alt=\"\" class=\"wp-image-785 lazyload\" data-srcset=\"https:\/\/dgemily.com\/wp-content\/uploads\/2024\/08\/redfox_resultat-794x1024.jpg 794w, https:\/\/dgemily.com\/wp-content\/uploads\/2024\/08\/redfox_resultat-233x300.jpg 233w, https:\/\/dgemily.com\/wp-content\/uploads\/2024\/08\/redfox_resultat-768x990.jpg 768w, https:\/\/dgemily.com\/wp-content\/uploads\/2024\/08\/redfox_resultat-9x12.jpg 9w, https:\/\/dgemily.com\/wp-content\/uploads\/2024\/08\/redfox_resultat-600x774.jpg 600w, https:\/\/dgemily.com\/wp-content\/uploads\/2024\/08\/redfox_resultat.jpg 1117w\" data-sizes=\"(max-width: 794px) 100vw, 794px\" src=\"data:image\/svg+xml;base64,PHN2ZyB3aWR0aD0iMSIgaGVpZ2h0PSIxIiB4bWxucz0iaHR0cDovL3d3dy53My5vcmcvMjAwMC9zdmciPjwvc3ZnPg==\" style=\"--smush-placeholder-width: 794px; --smush-placeholder-aspect-ratio: 794\/1024;\" \/><\/a><\/figure>\n<\/figure>\n\n\n\n<div style=\"height:49px\" aria-hidden=\"true\" class=\"wp-block-spacer\"><\/div>\n\n\n\n<h2 class=\"wp-block-heading\" id=\"build-design\">Create your own design<\/h2>\n\n\n\n<p>If you want to create your own design, you can use the method I use with Fusion 360 software. The method is presented in the video tutorial below (in French):<\/p>\n\n\n\n<figure class=\"wp-block-embed is-type-video is-provider-youtube wp-block-embed-youtube wp-embed-aspect-16-9 wp-has-aspect-ratio\"><div class=\"wp-block-embed__wrapper\">\n<iframe title=\"Fusion360- Cr\u00e9ation d&#039;une d\u00e9coration murale POLYFORME sur mesure par DGEMILY\" width=\"640\" height=\"360\" data-src=\"https:\/\/www.youtube.com\/embed\/Il5RcY2GpiY?feature=oembed\" frameborder=\"0\" allow=\"accelerometer; autoplay; clipboard-write; encrypted-media; gyroscope; picture-in-picture; web-share\" referrerpolicy=\"strict-origin-when-cross-origin\" allowfullscreen src=\"data:image\/svg+xml;base64,PHN2ZyB3aWR0aD0iMSIgaGVpZ2h0PSIxIiB4bWxucz0iaHR0cDovL3d3dy53My5vcmcvMjAwMC9zdmciPjwvc3ZnPg==\" class=\"lazyload\" data-load-mode=\"1\"><\/iframe>\n<\/div><\/figure>\n\n\n\n<p><\/p>","protected":false},"excerpt":{"rendered":"<p>DIY: Instructions et aides Vous trouverez sur cette page quelques instructions et aides pour imprimer les designs, identifier, positionner et fixer les diff\u00e9rentes pi\u00e8ces imprim\u00e9es sur le mur ou sur&#8230;<\/p>","protected":false},"author":1,"featured_media":0,"parent":0,"menu_order":0,"comment_status":"open","ping_status":"closed","template":"","meta":{"_seopress_robots_primary_cat":"","_seopress_titles_title":"","_seopress_titles_desc":"Cr\u00e9er son propre design mural \"WallArt\". Instructions et aides pour mod\u00e9liser, imprimer, identifier, positionner et fixer les diff\u00e9rentes pi\u00e8ces imprim\u00e9es","_seopress_robots_index":"","pgc_sgb_lightbox_settings":"","cybocfi_hide_featured_image":"","footnotes":""},"class_list":["post-1056","page","type-page","status-publish","hentry"],"_links":{"self":[{"href":"https:\/\/dgemily.com\/en\/wp-json\/wp\/v2\/pages\/1056"}],"collection":[{"href":"https:\/\/dgemily.com\/en\/wp-json\/wp\/v2\/pages"}],"about":[{"href":"https:\/\/dgemily.com\/en\/wp-json\/wp\/v2\/types\/page"}],"author":[{"embeddable":true,"href":"https:\/\/dgemily.com\/en\/wp-json\/wp\/v2\/users\/1"}],"replies":[{"embeddable":true,"href":"https:\/\/dgemily.com\/en\/wp-json\/wp\/v2\/comments?post=1056"}],"version-history":[{"count":41,"href":"https:\/\/dgemily.com\/en\/wp-json\/wp\/v2\/pages\/1056\/revisions"}],"predecessor-version":[{"id":1201,"href":"https:\/\/dgemily.com\/en\/wp-json\/wp\/v2\/pages\/1056\/revisions\/1201"}],"wp:attachment":[{"href":"https:\/\/dgemily.com\/en\/wp-json\/wp\/v2\/media?parent=1056"}],"curies":[{"name":"wp","href":"https:\/\/api.w.org\/{rel}","templated":true}]}}