{"id":1206,"date":"2024-09-12T23:50:22","date_gmt":"2024-09-12T21:50:22","guid":{"rendered":"https:\/\/dgemily.com\/?page_id=1206"},"modified":"2024-09-14T00:57:29","modified_gmt":"2024-09-13T22:57:29","slug":"legal-notices","status":"publish","type":"page","link":"https:\/\/dgemily.com\/en\/mentions-legales\/","title":{"rendered":"Legal notices"},"content":{"rendered":"<h2 class=\"wp-block-heading\">1 \u2013 Editing the wedsite<\/h2>\n\n\n\n<p>Under&nbsp;<a href=\"https:\/\/www.legifrance.gouv.fr\/affichTexte.do?cidTexte=JORFTEXT000000801164#LEGIARTI000042038977\" target=\"_blank\" rel=\"noreferrer noopener\">l&#8217;article 6 de la loi n\u00b0 2004-575 du 21 juin 2004<\/a>&nbsp;pour la confiance dans l&#8217;\u00e9conomie num\u00e9rique, il est pr\u00e9cis\u00e9 aux utilisateurs du site internet&nbsp;<strong>https:\/\/dgemily.com\/<\/strong>&nbsp;l&#8217;identit\u00e9 des diff\u00e9rents intervenants dans le cadre de sa r\u00e9alisation et de son suivi:<\/p>\n\n\n\n<p><strong>Site owner:&nbsp;<\/strong>G\u00e9ric Javid<\/p>\n\n\n\n<p><strong>Director of publication:&nbsp;<\/strong>G\u00e9ric JAVID<\/p>\n\n\n\n<p><strong>Host:<\/strong>&nbsp;OVH SAS &#8211; 2 rue Kellermann &#8211; BP 80157 &#8211; 59053 Roubaix Cedex 1 &#8211; T\u00e9l\u00e9phone : 1007<\/p>\n\n\n\n<hr class=\"wp-block-separator has-alpha-channel-opacity\"\/>\n\n\n\n<h2 class=\"wp-block-heading\">2 \u2013 Intellectual property and counterfeits.<\/h2>\n\n\n\n<p><strong>G\u00e9ric Javid<\/strong>&nbsp;is the owner of the intellectual property rights and holds the usage rights to all elements accessible on the website, in particular texts, images, graphics, logos, videos, architecture, icons and sounds.<\/p>\n\n\n\n<p>Any reproduction, representation, modification, publication, adaptation of all or part of the elements of the site, whatever the means or process used, is prohibited without prior written authorization from&nbsp;<strong>G\u00e9ric Javid<\/strong>.<\/p>\n\n\n\n<p>Any unauthorized use of the site or any of the elements it contains will be considered to constitute an infringement and prosecuted in accordance with the provisions of articles&nbsp;<a href=\"https:\/\/www.legifrance.gouv.fr\/affichCodeArticle.do?idArticle=LEGIARTI000032655082&amp;cidTexte=LEGITEXT000006069414&amp;dateTexte=20160605\" target=\"_blank\" rel=\"noreferrer noopener\">L.335-2 et seq. of the Intellectual Property Code<\/a>.<\/p>\n\n\n\n<hr class=\"wp-block-separator has-alpha-channel-opacity\"\/>\n\n\n\n<h2 class=\"wp-block-heading\">3 \u2013 Limitations of liability.<\/h2>\n\n\n\n<p><strong>G\u00e9ric Javid<\/strong>&nbsp;cannot be held responsible for direct or indirect damage caused to the user's equipment when accessing the site.&nbsp;<strong>https:\/\/dgemily.com\/<\/strong>.<\/p>\n\n\n\n<p><strong>G\u00e9ric Javid<\/strong>&nbsp;declines all responsibility for the use that may be made of the information and content present on&nbsp;<strong>https:\/\/dgemily.com\/<\/strong>.<\/p>\n\n\n\n<p><strong>G\u00e9ric Javid<\/strong>&nbsp;is committed to securing the site as best as possible&nbsp;<strong>https:\/\/dgemily.com\/<\/strong>, however its liability cannot be called into question if unwanted data is imported and installed on its site without its knowledge.<\/p>\n\n\n\n<p>Interactive spaces (contact space or comments) are available to users.&nbsp;<strong>G\u00e9ric Javid<\/strong>&nbsp;reserves the right to delete, without prior notice, any content posted in this space which contravenes the legislation applicable in France, in particular the provisions relating to data protection.<\/p>\n\n\n\n<p>If applicable,&nbsp;<strong>G\u00e9ric Javid<\/strong>&nbsp;also reserves the right to call into question the user's civil and\/or criminal liability, particularly in the event of messages of a racist, offensive, defamatory or pornographic nature, regardless of the medium used (text, photography, etc.). .<\/p>\n\n\n\n<hr class=\"wp-block-separator has-alpha-channel-opacity\"\/>\n\n\n\n<h2 class=\"wp-block-heading\">4 \u2013 CNIL and management of personal data.<\/h2>\n\n\n\n<p>In accordance with the provisions of&nbsp;<a href=\"https:\/\/www.legifrance.gouv.fr\/affichTexte.do?cidTexte=JORFTEXT000000886460\" target=\"_blank\" rel=\"noreferrer noopener\">law 78-17 of January 6, 1978 amended<\/a>, the user of the site&nbsp;<strong>https:\/\/dgemily.com\/<\/strong>&nbsp;has the right to access, modify and delete the information collected. To exercise this right, send a message to our Data Protection Officer: G\u00e9ric Javid.<\/p>\n\n\n\n<p>Pour plus d&#8217;informations sur la fa\u00e7on dont nous traitons vos donn\u00e9es (type de donn\u00e9es, finalit\u00e9, destinataire&#8230;), lisez notre <a href=\"https:\/\/dgemily.com\/en\/privacy-policy\/\">Privacy policy<\/a><\/p>\n\n\n\n<hr class=\"wp-block-separator has-alpha-channel-opacity\"\/>\n\n\n\n<h2 class=\"wp-block-heading\">5 \u2013 hyperlinks and cookies<\/h2>\n\n\n\n<p>The website&nbsp;<strong>https:\/\/dgemily.com\/<\/strong>&nbsp;contains hypertext links to other sites and disclaims any responsibility for these external links or links created by other sites to&nbsp;<strong>https:\/\/dgemily.com\/<\/strong>.<\/p>\n\n\n\n<p>Navigation on the website&nbsp;<strong>https:\/\/dgemily.com\/<\/strong>&nbsp;may cause the installation of cookie(s) on the user's computer.<\/p>\n\n\n\n<p>Un &#8220;cookie&#8221; est un fichier de petite taille qui enregistre des informations relatives \u00e0 la navigation d\u2019un utilisateur sur un site. Les donn\u00e9es ainsi obtenues permettent d&#8217;obtenir des mesures de fr\u00e9quentation, par exemple.<\/p>\n\n\n\n<p>You have the possibility&nbsp;<strong>to accept or refuse cookies<\/strong>&nbsp;by changing your browser settings. No cookies will be placed without your consent.<\/p>\n\n\n\n<p>Cookies are stored for a maximum period of 12 months.<\/p>\n\n\n\n<p>Pour plus d&#8217;informations sur la fa\u00e7on dont nous faisons usage des cookies, lisez notre&nbsp;<a href=\"https:\/\/dgemily.com\/en\/eu-cookie-policy\/\">cookies policy<\/a><\/p>\n\n\n\n<hr class=\"wp-block-separator has-alpha-channel-opacity\"\/>\n\n\n\n<h2 class=\"wp-block-heading\">6 \u2013 Applicable law and attribution of jurisdiction.<\/h2>\n\n\n\n<p>Any dispute relating to the use of the website&nbsp;<strong>https:\/\/dgemily.com\/<\/strong>&nbsp;is subject to French law. Except in cases where the law does not permit it, exclusive jurisdiction is granted to the competent courts of Toulon.<\/p>","protected":false},"excerpt":{"rendered":"<p>1 &#8211; \u00c9dition du site En vertu de&nbsp;l&#8217;article 6 de la loi n\u00b0 2004-575 du 21 juin 2004&nbsp;pour la confiance dans l&#8217;\u00e9conomie num\u00e9rique, il est pr\u00e9cis\u00e9 aux utilisateurs du site&#8230;<\/p>","protected":false},"author":1,"featured_media":0,"parent":0,"menu_order":0,"comment_status":"closed","ping_status":"closed","template":"","meta":{"_seopress_robots_primary_cat":"","_seopress_titles_title":"","_seopress_titles_desc":"","_seopress_robots_index":"yes","pgc_sgb_lightbox_settings":"","cybocfi_hide_featured_image":"","footnotes":""},"class_list":["post-1206","page","type-page","status-publish","hentry"],"_links":{"self":[{"href":"https:\/\/dgemily.com\/en\/wp-json\/wp\/v2\/pages\/1206"}],"collection":[{"href":"https:\/\/dgemily.com\/en\/wp-json\/wp\/v2\/pages"}],"about":[{"href":"https:\/\/dgemily.com\/en\/wp-json\/wp\/v2\/types\/page"}],"author":[{"embeddable":true,"href":"https:\/\/dgemily.com\/en\/wp-json\/wp\/v2\/users\/1"}],"replies":[{"embeddable":true,"href":"https:\/\/dgemily.com\/en\/wp-json\/wp\/v2\/comments?post=1206"}],"version-history":[{"count":4,"href":"https:\/\/dgemily.com\/en\/wp-json\/wp\/v2\/pages\/1206\/revisions"}],"predecessor-version":[{"id":1232,"href":"https:\/\/dgemily.com\/en\/wp-json\/wp\/v2\/pages\/1206\/revisions\/1232"}],"wp:attachment":[{"href":"https:\/\/dgemily.com\/en\/wp-json\/wp\/v2\/media?parent=1206"}],"curies":[{"name":"wp","href":"https:\/\/api.w.org\/{rel}","templated":true}]}}